{"id":1089146,"date":"2025-09-02T12:55:09","date_gmt":"2025-09-02T10:55:09","guid":{"rendered":"http:\/\/energie-planer.com\/?page_id=1089146"},"modified":"2025-10-02T09:13:29","modified_gmt":"2025-10-02T07:13:29","slug":"impressum","status":"publish","type":"page","link":"https:\/\/energie-planer.com\/index.php\/impressum\/","title":{"rendered":"Impressum"},"content":{"rendered":"<p>[et_pb_section fb_built=&#8220;1&#8243; admin_label=&#8220;Header&#8220; _builder_version=&#8220;4.18.0&#8243; _module_preset=&#8220;default&#8220; collapsed=&#8220;on&#8220; global_colors_info=&#8220;{}&#8220;][et_pb_row _builder_version=&#8220;4.18.0&#8243; _module_preset=&#8220;default&#8220; border_color_all=&#8220;#000000&#8243; border_width_bottom=&#8220;1px&#8220; global_colors_info=&#8220;{}&#8220;][et_pb_column type=&#8220;4_4&#8243; _builder_version=&#8220;4.18.0&#8243; _module_preset=&#8220;default&#8220; global_colors_info=&#8220;{}&#8220;][et_pb_text _builder_version=&#8220;4.27.4&#8243; _dynamic_attributes=&#8220;content&#8220; _module_preset=&#8220;c16985e1-e0d6-4022-964d-e2bfc04fa633&#8243; header_font=&#8220;&#8211;et_global_heading_font|500|||||||&#8220; header_text_color=&#8220;#000000&#8243; header_line_height=&#8220;1.2em&#8220; custom_margin=&#8220;||||false|false&#8220; header_font_size_tablet=&#8220;40px&#8220; header_font_size_phone=&#8220;24px&#8220; header_font_size_last_edited=&#8220;on|desktop&#8220; global_colors_info=&#8220;{}&#8220;]@ET-DC@eyJkeW5hbWljIjp0cnVlLCJjb250ZW50IjoicG9zdF90aXRsZSIsInNldHRpbmdzIjp7ImJlZm9yZSI6IjxoMT4iLCJhZnRlciI6IjwvaDE+In19@[\/et_pb_text][\/et_pb_column][\/et_pb_row][et_pb_row _builder_version=&#8220;4.18.0&#8243; _module_preset=&#8220;default&#8220; global_colors_info=&#8220;{}&#8220;][et_pb_column type=&#8220;4_4&#8243; _builder_version=&#8220;4.18.0&#8243; _module_preset=&#8220;default&#8220; global_colors_info=&#8220;{}&#8220;][et_pb_text _builder_version=&#8220;4.27.4&#8243; _module_preset=&#8220;aaa7c440-590a-4078-ae0c-0f3c699ac51c&#8220; header_font=&#8220;||||||||&#8220; header_3_font=&#8220;&#8211;et_global_heading_font|500|||||||&#8220; header_3_font_size=&#8220;28px&#8220; header_3_line_height=&#8220;1.4em&#8220; hover_enabled=&#8220;0&#8243; header_3_font_size_tablet=&#8220;20px&#8220; header_3_font_size_phone=&#8220;16px&#8220; header_3_font_size_last_edited=&#8220;on|phone&#8220; global_colors_info=&#8220;{}&#8220; sticky_enabled=&#8220;0&#8243;]<\/p>\n<h4><\/h4>\n<h4>Verantwortlich gem\u00e4\u00df \u00a7 5 TMG:<\/h4>\n<p>Manfred D\u00f6hmen<br \/>Florastra\u00dfe 11<br \/>47929 Grefrath<br \/>Deutschland<\/p>\n<p>Kontakt:<br \/>Telefon: (+49) 178 \u2013 4571428<br \/>E-Mail: info@energie-planer.com<\/p>\n<p>Berufsbezeichnung \/ T\u00e4tigkeit:<br \/>Energieberater, Ingenieurb\u00fcro (Energie-Effizienz-Experte) \u2013 verliehen in Deutschland.<br \/>Betreiber der Website: Energieberater Manfred D\u00f6hmen<\/p>\n<h4>Haftungsausschluss \u2013 rechtliche Hinweise zur Website:<\/h4>\n<p><strong>Haftung f\u00fcr Inhalte<\/strong><br \/>Die Inhalte dieser Website wurden mit gr\u00f6\u00dftm\u00f6glicher Sorgfalt erstellt. F\u00fcr die Richtigkeit, Vollst\u00e4ndigkeit und Aktualit\u00e4t der Inhalte kann jedoch keine Gew\u00e4hr \u00fcbernommen werden.<\/p>\n<p><strong>Haftung f\u00fcr Links<\/strong><br \/>Diese Website enth\u00e4lt Links zu externen Websites Dritter, auf deren Inhalte keinerlei Einfluss besteht. F\u00fcr die Inhalte der verlinkten Seiten ist stets der jeweilige Anbieter oder Betreiber verantwortlich.<\/p>\n<p><strong>Urheberrecht<\/strong><br \/>Die durch die Seitenbetreiber erstellten Inhalte und Werke auf dieser Website unterliegen dem deutschen Urheberrecht. Die Vervielf\u00e4ltigung, Bearbeitung, Verbreitung sowie jede Art der Verwertung au\u00dferhalb des Urheberrechts bed\u00fcrfen der schriftlichen Zustimmung von Manfred D\u00f6hmen. Downloads und Kopien dieser Seite sind nur f\u00fcr den privaten, nicht kommerziellen Gebrauch gestattet.<\/p>\n<p><strong data-start=\"110\" data-end=\"128\">Bildnachweise:<br \/><\/strong>Die auf dieser Website verwendeten Bilder stammen von Adobe Stock.<\/p>\n<ul>\n<li>\u00a9 Adobe Stock \/ Kara &#8211; stock.adobe.com<\/li>\n<li>\u00a9 Adobe Stock \/\u00a0maho &#8211; stock.adobe.com<\/li>\n<li>\u00a9 Adobe Stock \/\u00a0Chlorophylle &#8211; stock.adobe.com<\/li>\n<li>\u00a9 Adobe Stock \/ Robert Kneschke &#8211; stock.adobe.com<\/li>\n<li>\u00a9 Adobe Stock \/ OH &#8211; stock.adobe.com<\/li>\n<li>\u00a9 Adobe Stock \/ edojob &#8211; stock.adobe.com<\/li>\n<li>\u00a9 Adobe Stock \/ USeePhoto &#8211; stock.adobe.com<\/li>\n<li>\u00a9 Adobe Stock \/ Sergio &#8211; stock.adobe.com<\/li>\n<li>\u00a9 Adobe Stock \/ visoot &#8211; stock.adobe.com<\/li>\n<li>\u00a9 Adobe Stock \/ YONG &#8211; stock.adobe.com<\/li>\n<li>\u00a9 Adobe Stock \/ Chalermrach &#8211; stock.adobe.com<\/li>\n<\/ul>\n<p><strong>Datenschutzerkl\u00e4rung &amp; Cookie-Hinweis:<\/strong><br \/>Diese sind separat unter \u201eDatenschutz\u201c bzw. \u201eCookieeinstellungen\u201c auf der Website verf\u00fcgbar<\/p>\n<p><strong>Webdesign &amp; Entwicklung:<br \/><\/strong><a href=\"https:\/\/freischwimmer-werbeagentur.de\" target=\"_blank\" rel=\"noopener\">freischwimmer Werbeagentur GmbH<\/a><\/p>\n<p>[\/et_pb_text][\/et_pb_column][\/et_pb_row][\/et_pb_section]<\/p>\n","protected":false},"excerpt":{"rendered":"<p>Verantwortlich gem\u00e4\u00df \u00a7 5 TMG: Manfred D\u00f6hmenFlorastra\u00dfe 1147929 GrefrathDeutschland Kontakt:Telefon: (+49) 178 \u2013 4571428E-Mail: info@energie-planer.com Berufsbezeichnung \/ T\u00e4tigkeit:Energieberater, Ingenieurb\u00fcro (Energie-Effizienz-Experte) \u2013 verliehen in Deutschland.Betreiber der Website: Energieberater Manfred D\u00f6hmen Haftungsausschluss \u2013 rechtliche Hinweise zur Website: Haftung f\u00fcr InhalteDie Inhalte dieser Website wurden mit gr\u00f6\u00dftm\u00f6glicher Sorgfalt erstellt. F\u00fcr die Richtigkeit, Vollst\u00e4ndigkeit und Aktualit\u00e4t der Inhalte kann [&hellip;]<\/p>\n","protected":false},"author":1,"featured_media":0,"parent":0,"menu_order":0,"comment_status":"closed","ping_status":"closed","template":"","meta":{"_et_pb_use_builder":"on","_et_pb_old_content":"","_et_gb_content_width":"","inline_featured_image":false,"footnotes":""},"class_list":["post-1089146","page","type-page","status-publish","hentry"],"_links":{"self":[{"href":"https:\/\/energie-planer.com\/index.php\/wp-json\/wp\/v2\/pages\/1089146","targetHints":{"allow":["GET"]}}],"collection":[{"href":"https:\/\/energie-planer.com\/index.php\/wp-json\/wp\/v2\/pages"}],"about":[{"href":"https:\/\/energie-planer.com\/index.php\/wp-json\/wp\/v2\/types\/page"}],"author":[{"embeddable":true,"href":"https:\/\/energie-planer.com\/index.php\/wp-json\/wp\/v2\/users\/1"}],"replies":[{"embeddable":true,"href":"https:\/\/energie-planer.com\/index.php\/wp-json\/wp\/v2\/comments?post=1089146"}],"version-history":[{"count":7,"href":"https:\/\/energie-planer.com\/index.php\/wp-json\/wp\/v2\/pages\/1089146\/revisions"}],"predecessor-version":[{"id":1089444,"href":"https:\/\/energie-planer.com\/index.php\/wp-json\/wp\/v2\/pages\/1089146\/revisions\/1089444"}],"wp:attachment":[{"href":"https:\/\/energie-planer.com\/index.php\/wp-json\/wp\/v2\/media?parent=1089146"}],"curies":[{"name":"wp","href":"https:\/\/api.w.org\/{rel}","templated":true}]}}